{"id":4367,"date":"2022-02-22T15:20:26","date_gmt":"2022-02-22T12:20:26","guid":{"rendered":"https:\/\/hepsor.rktv.ee\/?page_id=4367"},"modified":"2024-06-18T10:01:07","modified_gmt":"2024-06-18T07:01:07","slug":"latvia","status":"publish","type":"page","link":"https:\/\/hepsor.rktv.ee\/en\/about-the-company\/team\/latvia\/","title":{"rendered":"Latvia"},"content":{"rendered":"\n<h1>Latvia<\/h1>\n\n\n\n    <div id=\"team-block-block_6214c51af132f\" class=\"team-block wp-block-acf-team-block\">\n        <div class=\"container\">\n            <div class=\"tabs_wrapper\">\n                                <div class=\"tabs\">\n                                                                                                <div class=\"tab active tab_type_column\" data-tab=\"latvia\">\n                                <div class=\"row\">\n                                                                                                                    <div class=\"col col-md-4 col-12\">\n                                            <div class=\"image bg-center\" style=\"background-image: url(https:\/\/hepsor.rktv.ee\/wp-content\/uploads\/2021\/09\/shutterstock_1009646911-copy-25.jpg)\"><\/div>\n\n                                            <h3>Martti Krass<\/h3>\n\n                                                                                            <p>Management Board Hepsor SIA<\/p>\n                                            \n                                                                                            <a href=\"mailto:martti@hepsor.ee\">martti@hepsor.ee<\/a>\n                                                                                    <\/div>\n                                                                                                                    <div class=\"col col-md-4 col-12\">\n                                            <div class=\"image bg-center\" style=\"background-image: url(https:\/\/hepsor.rktv.ee\/wp-content\/uploads\/2022\/10\/Kristine-Avota.png)\"><\/div>\n\n                                            <h3>Krist\u012bne Avota<\/h3>\n\n                                                                                            <p>Office Manager<\/p>\n                                            \n                                                                                            <a href=\"mailto:kristine.avota@hepsor.lv\">kristine.avota@hepsor.lv<\/a>\n                                                                                    <\/div>\n                                                                                                                    <div class=\"col col-md-4 col-12\">\n                                            <div class=\"image bg-center\" style=\"background-image: url(https:\/\/hepsor.rktv.ee\/wp-content\/uploads\/2021\/10\/madara.jpg)\"><\/div>\n\n                                            <h3>Madara Ceske<\/h3>\n\n                                                                                            <p>Head of Sales &#038; Marketing<\/p>\n                                            \n                                                                                            <a href=\"mailto:madara@hepsor.lv\">madara@hepsor.lv<\/a>\n                                                                                    <\/div>\n                                                                                                                    <div class=\"col col-md-4 col-12\">\n                                            <div class=\"image bg-center\" style=\"background-image: url(https:\/\/hepsor.rktv.ee\/wp-content\/uploads\/2021\/10\/olita.jpg)\"><\/div>\n\n                                            <h3>Olita Mestere<\/h3>\n\n                                                                                            <p>Sales Project Manager<\/p>\n                                            \n                                                                                            <a href=\"mailto:olita@hepsor.lv\">olita@hepsor.lv<\/a>\n                                                                                    <\/div>\n                                                                                                                    <div class=\"col col-md-4 col-12\">\n                                            <div class=\"image bg-center\" style=\"background-image: url(https:\/\/hepsor.rktv.ee\/wp-content\/uploads\/2022\/08\/EPukite-copy.jpg)\"><\/div>\n\n                                            <h3>Egita Pu\u0137\u012bte<\/h3>\n\n                                                                                            <p>Business Client Manager<\/p>\n                                            \n                                                                                            <a href=\"mailto:egita@hepsor.lv\">egita@hepsor.lv<\/a>\n                                                                                    <\/div>\n                                                                                                                    <div class=\"col col-md-4 col-12\">\n                                            <div class=\"image bg-center\" style=\"background-image: url(https:\/\/hepsor.rktv.ee\/wp-content\/uploads\/2021\/10\/gints.jpg)\"><\/div>\n\n                                            <h3>Gints Vanders<\/h3>\n\n                                                                                            <p>Head of Real Estate Development<\/p>\n                                            \n                                                                                            <a href=\"mailto:gints@hepsor.lv\">gints@hepsor.lv<\/a>\n                                                                                    <\/div>\n                                                                                                                    <div class=\"col col-md-4 col-12\">\n                                            <div class=\"image bg-center\" style=\"background-image: url(https:\/\/hepsor.rktv.ee\/wp-content\/uploads\/2023\/11\/RomansP.png)\"><\/div>\n\n                                            <h3>Romans Prosvirjakovs <\/h3>\n\n                                                                                            <p>Development Project Manager Krasta City <\/p>\n                                            \n                                                                                            <a href=\"mailto:romans@hepsor.lv\">romans@hepsor.lv<\/a>\n                                                                                    <\/div>\n                                                                                                                    <div class=\"col col-md-4 col-12\">\n                                            <div class=\"image bg-center\" style=\"background-image: url(https:\/\/hepsor.rktv.ee\/wp-content\/uploads\/2022\/08\/BLaganovska-scaled-copy.jpg)\"><\/div>\n\n                                            <h3>Be\u0101te Laganovska<\/h3>\n\n                                                                                            <p>Development Project Manager <\/p>\n                                            \n                                                                                            <a href=\"mailto:beate@hepsor.lv\">beate@hepsor.lv<\/a>\n                                                                                    <\/div>\n                                                                                                                    <div class=\"col col-md-4 col-12\">\n                                            <div class=\"image bg-center\" style=\"background-image: url(https:\/\/hepsor.rktv.ee\/wp-content\/uploads\/2022\/08\/GGranats-copy.jpg)\"><\/div>\n\n                                            <h3>\u0122irts Gran\u0101ts<\/h3>\n\n                                                                                            <p>Development Project Manager<\/p>\n                                            \n                                                                                            <a href=\"mailto:girts@hepsor.lv\">girts@hepsor.lv<\/a>\n                                                                                    <\/div>\n                                                                                                                    <div class=\"col col-md-4 col-12\">\n                                            <div class=\"image bg-center\" style=\"background-image: url(https:\/\/hepsor.rktv.ee\/wp-content\/uploads\/2022\/02\/shutterstock_1009646911-copy-23-1.png)\"><\/div>\n\n                                            <h3>M\u0101ris \u0100bolti\u0146\u0161<\/h3>\n\n                                                                                            <p>Development Project Manager<\/p>\n                                            \n                                                                                            <a href=\"mailto:maris@hepsor.lv\">maris@hepsor.lv<\/a>\n                                                                                    <\/div>\n                                                                                                                    <div class=\"col col-md-4 col-12\">\n                                            <div class=\"image bg-center\" style=\"background-image: url(https:\/\/hepsor.rktv.ee\/wp-content\/uploads\/2021\/12\/image3.png)\"><\/div>\n\n                                            <h3>Pauls Pudans<\/h3>\n\n                                                                                            <p>Development Project Manager<\/p>\n                                            \n                                                                                            <a href=\"mailto:pauls@hepsor.lv\">pauls@hepsor.lv<\/a>\n                                                                                    <\/div>\n                                                                                                                    <div class=\"col col-md-4 col-12\">\n                                            <div class=\"image bg-center\" style=\"background-image: url(https:\/\/hepsor.rktv.ee\/wp-content\/uploads\/2023\/11\/DPurmalis.png)\"><\/div>\n\n                                            <h3>D\u0101vis Purmalis<\/h3>\n\n                                                                                            <p>Development Project Manager Assistant <\/p>\n                                            \n                                                                                            <a href=\"mailto:davis@hepsor.ee\">davis@hepsor.ee<\/a>\n                                                                                    <\/div>\n                                                                                                                    <div class=\"col col-md-4 col-12\">\n                                            <div class=\"image bg-center\" style=\"background-image: url(https:\/\/hepsor.rktv.ee\/wp-content\/uploads\/2021\/11\/hepsor_woman.svg)\"><\/div>\n\n                                            <h3>J\u016blija Pozi\u0146i\u010da<\/h3>\n\n                                                                                            <p>Chief Accountant<\/p>\n                                            \n                                                                                            <a href=\"mailto:julija@hepsor.lv\">julija@hepsor.lv<\/a>\n                                                                                    <\/div>\n                                                                                                                    <div class=\"col col-md-4 col-12\">\n                                            <div class=\"image bg-center\" style=\"background-image: url(https:\/\/hepsor.rktv.ee\/wp-content\/uploads\/2021\/10\/anita.jpg)\"><\/div>\n\n                                            <h3>Anita Bizane<\/h3>\n\n                                                                                            <p> Accountant <\/p>\n                                            \n                                                                                            <a href=\"mailto:anita@hepsor.lv\">anita@hepsor.lv<\/a>\n                                                                                    <\/div>\n                                                                                                                    <div class=\"col col-md-4 col-12\">\n                                            <div class=\"image bg-center\" style=\"background-image: url(https:\/\/hepsor.rktv.ee\/wp-content\/uploads\/2022\/12\/Linda-Mihailova-1-Copy-1.jpg)\"><\/div>\n\n                                            <h3>Linda Mihailova <\/h3>\n\n                                                                                            <p> Accountant <\/p>\n                                            \n                                                                                            <a href=\"mailto:linda@hepsor.ee\">linda@hepsor.ee<\/a>\n                                                                                    <\/div>\n                                                                    <\/div>\n                            <\/div>\n                                                            <\/div>\n            <\/div>\n        <\/div>\n    <\/div>\n","protected":false},"excerpt":{"rendered":"Latvia","protected":false},"author":1,"featured_media":0,"parent":1097,"menu_order":65,"comment_status":"closed","ping_status":"closed","template":"page-templates\/template-default-sidebar.php","meta":[],"yoast_head":"<!-- This site is optimized with the Yoast SEO plugin v17.3 - https:\/\/yoast.com\/wordpress\/plugins\/seo\/ -->\n<meta name=\"robots\" content=\"noindex, follow, max-snippet:-1, max-image-preview:large, max-video-preview:-1\" \/>\n<meta property=\"og:locale\" content=\"en_US\" \/>\n<meta property=\"og:type\" content=\"article\" \/>\n<meta property=\"og:title\" content=\"Latvia - Hepsor\" \/>\n<meta property=\"og:description\" content=\"Latvia\" \/>\n<meta property=\"og:url\" content=\"https:\/\/hepsor.rktv.ee\/en\/about-the-company\/team\/latvia\/\" \/>\n<meta property=\"og:site_name\" content=\"Hepsor\" \/>\n<meta property=\"article:modified_time\" content=\"2024-06-18T07:01:07+00:00\" \/>\n<meta name=\"twitter:card\" content=\"summary_large_image\" \/>\n<meta name=\"twitter:label1\" content=\"Est. reading time\" \/>\n\t<meta name=\"twitter:data1\" content=\"1 minute\" \/>\n<script type=\"application\/ld+json\" class=\"yoast-schema-graph\">{\"@context\":\"https:\/\/schema.org\",\"@graph\":[{\"@type\":\"Organization\",\"@id\":\"https:\/\/hepsor.rktv.ee\/#organization\",\"name\":\"Hepsor\",\"url\":\"https:\/\/hepsor.rktv.ee\/\",\"sameAs\":[],\"logo\":{\"@type\":\"ImageObject\",\"@id\":\"https:\/\/hepsor.rktv.ee\/#logo\",\"inLanguage\":\"en-US\",\"url\":\"https:\/\/hepsor.rktv.ee\/wp-content\/uploads\/2021\/08\/hepsor_logo.svg\",\"contentUrl\":\"https:\/\/hepsor.rktv.ee\/wp-content\/uploads\/2021\/08\/hepsor_logo.svg\",\"width\":98,\"height\":31,\"caption\":\"Hepsor\"},\"image\":{\"@id\":\"https:\/\/hepsor.rktv.ee\/#logo\"}},{\"@type\":\"WebSite\",\"@id\":\"https:\/\/hepsor.rktv.ee\/#website\",\"url\":\"https:\/\/hepsor.rktv.ee\/\",\"name\":\"Hepsor\",\"description\":\"\",\"publisher\":{\"@id\":\"https:\/\/hepsor.rktv.ee\/#organization\"},\"potentialAction\":[{\"@type\":\"SearchAction\",\"target\":{\"@type\":\"EntryPoint\",\"urlTemplate\":\"https:\/\/hepsor.rktv.ee\/?s={search_term_string}\"},\"query-input\":\"required name=search_term_string\"}],\"inLanguage\":\"en-US\"},{\"@type\":\"WebPage\",\"@id\":\"https:\/\/hepsor.rktv.ee\/en\/about-the-company\/team\/latvia\/#webpage\",\"url\":\"https:\/\/hepsor.rktv.ee\/en\/about-the-company\/team\/latvia\/\",\"name\":\"Latvia - Hepsor\",\"isPartOf\":{\"@id\":\"https:\/\/hepsor.rktv.ee\/#website\"},\"datePublished\":\"2022-02-22T12:20:26+00:00\",\"dateModified\":\"2024-06-18T07:01:07+00:00\",\"breadcrumb\":{\"@id\":\"https:\/\/hepsor.rktv.ee\/en\/about-the-company\/team\/latvia\/#breadcrumb\"},\"inLanguage\":\"en-US\",\"potentialAction\":[{\"@type\":\"ReadAction\",\"target\":[\"https:\/\/hepsor.rktv.ee\/en\/about-the-company\/team\/latvia\/\"]}]},{\"@type\":\"BreadcrumbList\",\"@id\":\"https:\/\/hepsor.rktv.ee\/en\/about-the-company\/team\/latvia\/#breadcrumb\",\"itemListElement\":[{\"@type\":\"ListItem\",\"position\":1,\"name\":\"About the company\",\"item\":\"https:\/\/hepsor.rktv.ee\/en\/about-the-company\/\"},{\"@type\":\"ListItem\",\"position\":2,\"name\":\"Team\",\"item\":\"https:\/\/hepsor.rktv.ee\/en\/about-the-company\/team\/\"},{\"@type\":\"ListItem\",\"position\":3,\"name\":\"Latvia\"}]}]}<\/script>\n<!-- \/ Yoast SEO plugin. -->","yoast_head_json":{"robots":{"index":"noindex","follow":"follow","max-snippet":"max-snippet:-1","max-image-preview":"max-image-preview:large","max-video-preview":"max-video-preview:-1"},"og_locale":"en_US","og_type":"article","og_title":"Latvia - Hepsor","og_description":"Latvia","og_url":"https:\/\/hepsor.rktv.ee\/en\/about-the-company\/team\/latvia\/","og_site_name":"Hepsor","article_modified_time":"2024-06-18T07:01:07+00:00","twitter_card":"summary_large_image","twitter_misc":{"Est. reading time":"1 minute"},"schema":{"@context":"https:\/\/schema.org","@graph":[{"@type":"Organization","@id":"https:\/\/hepsor.rktv.ee\/#organization","name":"Hepsor","url":"https:\/\/hepsor.rktv.ee\/","sameAs":[],"logo":{"@type":"ImageObject","@id":"https:\/\/hepsor.rktv.ee\/#logo","inLanguage":"en-US","url":"https:\/\/hepsor.rktv.ee\/wp-content\/uploads\/2021\/08\/hepsor_logo.svg","contentUrl":"https:\/\/hepsor.rktv.ee\/wp-content\/uploads\/2021\/08\/hepsor_logo.svg","width":98,"height":31,"caption":"Hepsor"},"image":{"@id":"https:\/\/hepsor.rktv.ee\/#logo"}},{"@type":"WebSite","@id":"https:\/\/hepsor.rktv.ee\/#website","url":"https:\/\/hepsor.rktv.ee\/","name":"Hepsor","description":"","publisher":{"@id":"https:\/\/hepsor.rktv.ee\/#organization"},"potentialAction":[{"@type":"SearchAction","target":{"@type":"EntryPoint","urlTemplate":"https:\/\/hepsor.rktv.ee\/?s={search_term_string}"},"query-input":"required name=search_term_string"}],"inLanguage":"en-US"},{"@type":"WebPage","@id":"https:\/\/hepsor.rktv.ee\/en\/about-the-company\/team\/latvia\/#webpage","url":"https:\/\/hepsor.rktv.ee\/en\/about-the-company\/team\/latvia\/","name":"Latvia - Hepsor","isPartOf":{"@id":"https:\/\/hepsor.rktv.ee\/#website"},"datePublished":"2022-02-22T12:20:26+00:00","dateModified":"2024-06-18T07:01:07+00:00","breadcrumb":{"@id":"https:\/\/hepsor.rktv.ee\/en\/about-the-company\/team\/latvia\/#breadcrumb"},"inLanguage":"en-US","potentialAction":[{"@type":"ReadAction","target":["https:\/\/hepsor.rktv.ee\/en\/about-the-company\/team\/latvia\/"]}]},{"@type":"BreadcrumbList","@id":"https:\/\/hepsor.rktv.ee\/en\/about-the-company\/team\/latvia\/#breadcrumb","itemListElement":[{"@type":"ListItem","position":1,"name":"About the company","item":"https:\/\/hepsor.rktv.ee\/en\/about-the-company\/"},{"@type":"ListItem","position":2,"name":"Team","item":"https:\/\/hepsor.rktv.ee\/en\/about-the-company\/team\/"},{"@type":"ListItem","position":3,"name":"Latvia"}]}]}},"_links":{"self":[{"href":"https:\/\/hepsor.rktv.ee\/en\/wp-json\/wp\/v2\/pages\/4367"}],"collection":[{"href":"https:\/\/hepsor.rktv.ee\/en\/wp-json\/wp\/v2\/pages"}],"about":[{"href":"https:\/\/hepsor.rktv.ee\/en\/wp-json\/wp\/v2\/types\/page"}],"author":[{"embeddable":true,"href":"https:\/\/hepsor.rktv.ee\/en\/wp-json\/wp\/v2\/users\/1"}],"replies":[{"embeddable":true,"href":"https:\/\/hepsor.rktv.ee\/en\/wp-json\/wp\/v2\/comments?post=4367"}],"version-history":[{"count":60,"href":"https:\/\/hepsor.rktv.ee\/en\/wp-json\/wp\/v2\/pages\/4367\/revisions"}],"predecessor-version":[{"id":9200,"href":"https:\/\/hepsor.rktv.ee\/en\/wp-json\/wp\/v2\/pages\/4367\/revisions\/9200"}],"up":[{"embeddable":true,"href":"https:\/\/hepsor.rktv.ee\/en\/wp-json\/wp\/v2\/pages\/1097"}],"wp:attachment":[{"href":"https:\/\/hepsor.rktv.ee\/en\/wp-json\/wp\/v2\/media?parent=4367"}],"curies":[{"name":"wp","href":"https:\/\/api.w.org\/{rel}","templated":true}]}}