{"id":4418,"date":"2022-02-22T17:55:05","date_gmt":"2022-02-22T14:55:05","guid":{"rendered":"https:\/\/hepsor.rktv.ee\/?page_id=4418"},"modified":"2024-06-18T10:02:28","modified_gmt":"2024-06-18T07:02:28","slug":"%d0%bb%d0%b0%d1%82%d0%b2%d0%b8%d1%8f","status":"publish","type":"page","link":"https:\/\/hepsor.rktv.ee\/ru\/%d0%be-%d0%bd%d0%b0%d1%81\/%d0%ba%d0%be%d0%bc%d0%b0%d0%bd%d0%b4%d0%b0\/%d0%bb%d0%b0%d1%82%d0%b2%d0%b8%d1%8f\/","title":{"rendered":"\u041b\u0430\u0442\u0432\u0438\u044f"},"content":{"rendered":"\n<h1>\u041b\u0430\u0442\u0432\u0438\u044f<\/h1>\n\n\n\n    <div id=\"team-block-block_6214c51af132f\" class=\"team-block wp-block-acf-team-block\">\n        <div class=\"container\">\n            <div class=\"tabs_wrapper\">\n                                <div class=\"tabs\">\n                                                                                                <div class=\"tab active tab_type_column\" data-tab=\"%d0%bb%d0%b0%d1%82%d0%b2%d0%b8%d1%8f\">\n                                <div class=\"row\">\n                                                                                                                    <div class=\"col col-md-4 col-12\">\n                                            <div class=\"image bg-center\" style=\"background-image: url(https:\/\/hepsor.rktv.ee\/wp-content\/uploads\/2021\/09\/shutterstock_1009646911-copy-25.jpg)\"><\/div>\n\n                                            <h3>Martti Krass<\/h3>\n\n                                                                                            <p>Hepsor SIA \u0427\u043b\u0435\u043d \u043f\u0440\u0430\u0432\u043b\u0435\u043d\u0438\u044f<\/p>\n                                            \n                                                                                            <a href=\"mailto:martti@hepsor.ee\">martti@hepsor.ee<\/a>\n                                                                                    <\/div>\n                                                                                                                    <div class=\"col col-md-4 col-12\">\n                                            <div class=\"image bg-center\" style=\"background-image: url(https:\/\/hepsor.rktv.ee\/wp-content\/uploads\/2022\/10\/Kristine-Avota.png)\"><\/div>\n\n                                            <h3>Krist\u012bne Avota<\/h3>\n\n                                                                                            <p>\u041e\u0444\u0438\u0441 \u043c\u0435\u043d\u0435\u0434\u0436\u0435\u0440<\/p>\n                                            \n                                                                                            <a href=\"mailto:kristine.avota@hepsor.lv\">kristine.avota@hepsor.lv<\/a>\n                                                                                    <\/div>\n                                                                                                                    <div class=\"col col-md-4 col-12\">\n                                            <div class=\"image bg-center\" style=\"background-image: url(https:\/\/hepsor.rktv.ee\/wp-content\/uploads\/2021\/10\/madara.jpg)\"><\/div>\n\n                                            <h3>Madara Ceske<\/h3>\n\n                                                                                            <p>M\u0435\u043d\u0435\u0434\u0436\u0435\u0440 \u043f\u043e \u043c\u0430\u0440\u043a\u0435\u0442\u0438\u043d\u0433\u0443 \u0438 \u043f\u0440\u043e\u0434\u0430\u0436\u0430\u043c<\/p>\n                                            \n                                                                                            <a href=\"mailto:madara@hepsor.lv\">madara@hepsor.lv<\/a>\n                                                                                    <\/div>\n                                                                                                                    <div class=\"col col-md-4 col-12\">\n                                            <div class=\"image bg-center\" style=\"background-image: url(https:\/\/hepsor.rktv.ee\/wp-content\/uploads\/2021\/10\/olita.jpg)\"><\/div>\n\n                                            <h3>Olita Mestere<\/h3>\n\n                                                                                            <p>\u041c\u0435\u043d\u0435\u0434\u0436\u0435\u0440 \u043f\u043e \u043f\u0440\u043e\u0434\u0430\u0436\u0430\u043c<\/p>\n                                            \n                                                                                            <a href=\"mailto:olita@hepsor.lv\">olita@hepsor.lv<\/a>\n                                                                                    <\/div>\n                                                                                                                    <div class=\"col col-md-4 col-12\">\n                                            <div class=\"image bg-center\" style=\"background-image: url(https:\/\/hepsor.rktv.ee\/wp-content\/uploads\/2022\/08\/EPukite-copy.jpg)\"><\/div>\n\n                                            <h3>Egita Pu\u0137\u012bte<\/h3>\n\n                                                                                            <p>\u041c\u0435\u043d\u0435\u0434\u0436\u0435\u0440 \u0431\u0438\u0437\u043d\u0435\u0441-\u043a\u043b\u0438\u0435\u043d\u0442\u043e\u0432<\/p>\n                                            \n                                                                                            <a href=\"mailto:egita@hepsor.lv\">egita@hepsor.lv<\/a>\n                                                                                    <\/div>\n                                                                                                                    <div class=\"col col-md-4 col-12\">\n                                            <div class=\"image bg-center\" style=\"background-image: url(https:\/\/hepsor.rktv.ee\/wp-content\/uploads\/2021\/10\/gints.jpg)\"><\/div>\n\n                                            <h3>Gints Vanders<\/h3>\n\n                                                                                            <p>\u041c\u0435\u043d\u0435\u0434\u0436\u0435\u0440 \u043f\u043e \u0440\u0430\u0437\u0432\u0438\u0442\u0438\u044e \u043d\u0435\u0434\u0432\u0438\u0436\u0438\u043c\u043e\u0441\u0442\u0438<\/p>\n                                            \n                                                                                            <a href=\"mailto:gints@hepsor.lv\">gints@hepsor.lv<\/a>\n                                                                                    <\/div>\n                                                                                                                    <div class=\"col col-md-4 col-12\">\n                                            <div class=\"image bg-center\" style=\"background-image: url(https:\/\/hepsor.rktv.ee\/wp-content\/uploads\/2023\/11\/RomansP.png)\"><\/div>\n\n                                            <h3>Romans Prosvirjakovs <\/h3>\n\n                                                                                            <p>\u041c\u0435\u043d\u0435\u0434\u0436\u0435\u0440 \u043f\u0440\u043e\u0435\u043a\u0442\u0430 \u041arasta City<\/p>\n                                            \n                                                                                            <a href=\"mailto:romans@hepsor.lv\">romans@hepsor.lv<\/a>\n                                                                                    <\/div>\n                                                                                                                    <div class=\"col col-md-4 col-12\">\n                                            <div class=\"image bg-center\" style=\"background-image: url(https:\/\/hepsor.rktv.ee\/wp-content\/uploads\/2022\/08\/BLaganovska-scaled-copy.jpg)\"><\/div>\n\n                                            <h3>Be\u0101te Laganovska<\/h3>\n\n                                                                                            <p>\u041c\u0435\u043d\u0435\u0434\u0436\u0435\u0440 \u043f\u043e \u0440\u0430\u0437\u0432\u0438\u0442\u0438\u044e \u043f\u0440\u043e\u0435\u043a\u0442\u043e\u0432<\/p>\n                                            \n                                                                                            <a href=\"mailto:beate@hepsor.lv\">beate@hepsor.lv<\/a>\n                                                                                    <\/div>\n                                                                                                                    <div class=\"col col-md-4 col-12\">\n                                            <div class=\"image bg-center\" style=\"background-image: url(https:\/\/hepsor.rktv.ee\/wp-content\/uploads\/2022\/08\/GGranats-copy.jpg)\"><\/div>\n\n                                            <h3>\u0122irts Gran\u0101ts<\/h3>\n\n                                                                                            <p>\u041c\u0435\u043d\u0435\u0434\u0436\u0435\u0440 \u043f\u043e \u0440\u0430\u0437\u0432\u0438\u0442\u0438\u044e \u043f\u0440\u043e\u0435\u043a\u0442\u043e\u0432<\/p>\n                                            \n                                                                                            <a href=\"mailto:girts@hepsor.lv\">girts@hepsor.lv<\/a>\n                                                                                    <\/div>\n                                                                                                                    <div class=\"col col-md-4 col-12\">\n                                            <div class=\"image bg-center\" style=\"background-image: url(https:\/\/hepsor.rktv.ee\/wp-content\/uploads\/2022\/02\/shutterstock_1009646911-copy-23-1.png)\"><\/div>\n\n                                            <h3>M\u0101ris \u0100bolti\u0146\u0161<\/h3>\n\n                                                                                            <p>\u041c\u0435\u043d\u0435\u0434\u0436\u0435\u0440 \u043f\u043e \u0440\u0430\u0437\u0432\u0438\u0442\u0438\u044e \u043f\u0440\u043e\u0435\u043a\u0442\u043e\u0432<\/p>\n                                            \n                                                                                            <a href=\"mailto:maris@hepsor.lv\">maris@hepsor.lv<\/a>\n                                                                                    <\/div>\n                                                                                                                    <div class=\"col col-md-4 col-12\">\n                                            <div class=\"image bg-center\" style=\"background-image: url(https:\/\/hepsor.rktv.ee\/wp-content\/uploads\/2021\/12\/image3.png)\"><\/div>\n\n                                            <h3>Pauls Pudans<\/h3>\n\n                                                                                            <p>\u041c\u0435\u043d\u0435\u0434\u0436\u0435\u0440 \u043f\u043e \u0440\u0430\u0437\u0432\u0438\u0442\u0438\u044e \u043f\u0440\u043e\u0435\u043a\u0442\u043e\u0432<\/p>\n                                            \n                                                                                            <a href=\"mailto:pauls@hepsor.lv\">pauls@hepsor.lv<\/a>\n                                                                                    <\/div>\n                                                                                                                    <div class=\"col col-md-4 col-12\">\n                                            <div class=\"image bg-center\" style=\"background-image: url(https:\/\/hepsor.rktv.ee\/wp-content\/uploads\/2023\/11\/DPurmalis.png)\"><\/div>\n\n                                            <h3>D\u0101vis Purmalis<\/h3>\n\n                                                                                            <p>\u0410\u0441\u0441\u0438\u0441\u0442\u0435\u043d\u0442 \u0443\u043f\u0440\u0430\u0432\u043b\u044f\u044e\u0449\u0435\u0433\u043e \u043f\u043e \u0440\u0430\u0437\u0432\u0438\u0442\u0438\u044e \u043f\u0440\u043e\u0435\u043a\u0442\u0430<\/p>\n                                            \n                                                                                            <a href=\"mailto:davis@hepsor.lv\">davis@hepsor.lv<\/a>\n                                                                                    <\/div>\n                                                                                                                    <div class=\"col col-md-4 col-12\">\n                                            <div class=\"image bg-center\" style=\"background-image: url(https:\/\/hepsor.rktv.ee\/wp-content\/uploads\/2021\/12\/hepsor_woman.svg)\"><\/div>\n\n                                            <h3>J\u016blija Pozi\u0146i\u010da<\/h3>\n\n                                                                                            <p>\u0413\u043b\u0430\u0432\u043d\u044b\u0439 \u0431\u0443\u0445\u0433\u0430\u043b\u0442\u0435\u0440<\/p>\n                                            \n                                                                                            <a href=\"mailto:julija@hepsor.lv\">julija@hepsor.lv<\/a>\n                                                                                    <\/div>\n                                                                                                                    <div class=\"col col-md-4 col-12\">\n                                            <div class=\"image bg-center\" style=\"background-image: url(https:\/\/hepsor.rktv.ee\/wp-content\/uploads\/2021\/10\/anita.jpg)\"><\/div>\n\n                                            <h3>Anita Bizane<\/h3>\n\n                                                                                            <p>\u0411\u0443\u0445\u0433\u0430\u043b\u0442\u0435\u0440<\/p>\n                                            \n                                                                                            <a href=\"mailto:anita@hepsor.lv\">anita@hepsor.lv<\/a>\n                                                                                    <\/div>\n                                                                                                                    <div class=\"col col-md-4 col-12\">\n                                            <div class=\"image bg-center\" style=\"background-image: url(https:\/\/hepsor.rktv.ee\/wp-content\/uploads\/2022\/12\/Linda-Mihailova-1-Copy-1.jpg)\"><\/div>\n\n                                            <h3>Linda Mihailova <\/h3>\n\n                                                                                            <p>\u0411\u0443\u0445\u0433\u0430\u043b\u0442\u0435\u0440<\/p>\n                                            \n                                                                                            <a href=\"mailto:linda@hepsor.lv\">linda@hepsor.lv<\/a>\n                                                                                    <\/div>\n                                                                    <\/div>\n                            <\/div>\n                                                            <\/div>\n            <\/div>\n        <\/div>\n    <\/div>\n","protected":false},"excerpt":{"rendered":"\u041b\u0430\u0442\u0432\u0438\u044f","protected":false},"author":1,"featured_media":0,"parent":1284,"menu_order":58,"comment_status":"closed","ping_status":"closed","template":"page-templates\/template-default-sidebar.php","meta":[],"yoast_head":"<!-- This site is optimized with the Yoast SEO plugin v17.3 - https:\/\/yoast.com\/wordpress\/plugins\/seo\/ -->\n<meta name=\"robots\" content=\"noindex, follow, max-snippet:-1, max-image-preview:large, max-video-preview:-1\" \/>\n<meta property=\"og:locale\" content=\"ru_RU\" \/>\n<meta property=\"og:type\" content=\"article\" \/>\n<meta property=\"og:title\" content=\"\u041b\u0430\u0442\u0432\u0438\u044f - Hepsor\" \/>\n<meta property=\"og:description\" content=\"\u041b\u0430\u0442\u0432\u0438\u044f\" \/>\n<meta property=\"og:url\" content=\"https:\/\/hepsor.rktv.ee\/ru\/%d0%be-%d0%bd%d0%b0%d1%81\/%d0%ba%d0%be%d0%bc%d0%b0%d0%bd%d0%b4%d0%b0\/%d0%bb%d0%b0%d1%82%d0%b2%d0%b8%d1%8f\/\" \/>\n<meta property=\"og:site_name\" content=\"Hepsor\" \/>\n<meta property=\"article:modified_time\" content=\"2024-06-18T07:02:28+00:00\" \/>\n<meta name=\"twitter:card\" content=\"summary_large_image\" \/>\n<meta name=\"twitter:label1\" content=\"\u041f\u0440\u0438\u043c\u0435\u0440\u043d\u043e\u0435 \u0432\u0440\u0435\u043c\u044f \u0434\u043b\u044f \u0447\u0442\u0435\u043d\u0438\u044f\" \/>\n\t<meta name=\"twitter:data1\" content=\"1 \u043c\u0438\u043d\u0443\u0442\u0430\" \/>\n<script type=\"application\/ld+json\" class=\"yoast-schema-graph\">{\"@context\":\"https:\/\/schema.org\",\"@graph\":[{\"@type\":\"Organization\",\"@id\":\"https:\/\/hepsor.rktv.ee\/#organization\",\"name\":\"Hepsor\",\"url\":\"https:\/\/hepsor.rktv.ee\/\",\"sameAs\":[],\"logo\":{\"@type\":\"ImageObject\",\"@id\":\"https:\/\/hepsor.rktv.ee\/#logo\",\"inLanguage\":\"ru-RU\",\"url\":\"https:\/\/hepsor.rktv.ee\/wp-content\/uploads\/2021\/08\/hepsor_logo.svg\",\"contentUrl\":\"https:\/\/hepsor.rktv.ee\/wp-content\/uploads\/2021\/08\/hepsor_logo.svg\",\"width\":98,\"height\":31,\"caption\":\"Hepsor\"},\"image\":{\"@id\":\"https:\/\/hepsor.rktv.ee\/#logo\"}},{\"@type\":\"WebSite\",\"@id\":\"https:\/\/hepsor.rktv.ee\/#website\",\"url\":\"https:\/\/hepsor.rktv.ee\/\",\"name\":\"Hepsor\",\"description\":\"\",\"publisher\":{\"@id\":\"https:\/\/hepsor.rktv.ee\/#organization\"},\"potentialAction\":[{\"@type\":\"SearchAction\",\"target\":{\"@type\":\"EntryPoint\",\"urlTemplate\":\"https:\/\/hepsor.rktv.ee\/?s={search_term_string}\"},\"query-input\":\"required name=search_term_string\"}],\"inLanguage\":\"ru-RU\"},{\"@type\":\"WebPage\",\"@id\":\"https:\/\/hepsor.rktv.ee\/ru\/%d0%be-%d0%bd%d0%b0%d1%81\/%d0%ba%d0%be%d0%bc%d0%b0%d0%bd%d0%b4%d0%b0\/%d0%bb%d0%b0%d1%82%d0%b2%d0%b8%d1%8f\/#webpage\",\"url\":\"https:\/\/hepsor.rktv.ee\/ru\/%d0%be-%d0%bd%d0%b0%d1%81\/%d0%ba%d0%be%d0%bc%d0%b0%d0%bd%d0%b4%d0%b0\/%d0%bb%d0%b0%d1%82%d0%b2%d0%b8%d1%8f\/\",\"name\":\"\\u041b\\u0430\\u0442\\u0432\\u0438\\u044f - Hepsor\",\"isPartOf\":{\"@id\":\"https:\/\/hepsor.rktv.ee\/#website\"},\"datePublished\":\"2022-02-22T14:55:05+00:00\",\"dateModified\":\"2024-06-18T07:02:28+00:00\",\"breadcrumb\":{\"@id\":\"https:\/\/hepsor.rktv.ee\/ru\/%d0%be-%d0%bd%d0%b0%d1%81\/%d0%ba%d0%be%d0%bc%d0%b0%d0%bd%d0%b4%d0%b0\/%d0%bb%d0%b0%d1%82%d0%b2%d0%b8%d1%8f\/#breadcrumb\"},\"inLanguage\":\"ru-RU\",\"potentialAction\":[{\"@type\":\"ReadAction\",\"target\":[\"https:\/\/hepsor.rktv.ee\/ru\/%d0%be-%d0%bd%d0%b0%d1%81\/%d0%ba%d0%be%d0%bc%d0%b0%d0%bd%d0%b4%d0%b0\/%d0%bb%d0%b0%d1%82%d0%b2%d0%b8%d1%8f\/\"]}]},{\"@type\":\"BreadcrumbList\",\"@id\":\"https:\/\/hepsor.rktv.ee\/ru\/%d0%be-%d0%bd%d0%b0%d1%81\/%d0%ba%d0%be%d0%bc%d0%b0%d0%bd%d0%b4%d0%b0\/%d0%bb%d0%b0%d1%82%d0%b2%d0%b8%d1%8f\/#breadcrumb\",\"itemListElement\":[{\"@type\":\"ListItem\",\"position\":1,\"name\":\"\\u041e \\u043f\\u0440\\u0435\\u0434\\u043f\\u0440\\u0438\\u044f\\u0442\\u0438\\u0438\",\"item\":\"https:\/\/hepsor.rktv.ee\/ru\/%d0%be-%d0%bd%d0%b0%d1%81\/\"},{\"@type\":\"ListItem\",\"position\":2,\"name\":\"\\u041a\\u043e\\u043c\\u0430\\u043d\\u0434\\u0430\",\"item\":\"https:\/\/hepsor.rktv.ee\/ru\/%d0%be-%d0%bd%d0%b0%d1%81\/%d0%ba%d0%be%d0%bc%d0%b0%d0%bd%d0%b4%d0%b0\/\"},{\"@type\":\"ListItem\",\"position\":3,\"name\":\"\\u041b\\u0430\\u0442\\u0432\\u0438\\u044f\"}]}]}<\/script>\n<!-- \/ Yoast SEO plugin. -->","yoast_head_json":{"robots":{"index":"noindex","follow":"follow","max-snippet":"max-snippet:-1","max-image-preview":"max-image-preview:large","max-video-preview":"max-video-preview:-1"},"og_locale":"ru_RU","og_type":"article","og_title":"\u041b\u0430\u0442\u0432\u0438\u044f - Hepsor","og_description":"\u041b\u0430\u0442\u0432\u0438\u044f","og_url":"https:\/\/hepsor.rktv.ee\/ru\/%d0%be-%d0%bd%d0%b0%d1%81\/%d0%ba%d0%be%d0%bc%d0%b0%d0%bd%d0%b4%d0%b0\/%d0%bb%d0%b0%d1%82%d0%b2%d0%b8%d1%8f\/","og_site_name":"Hepsor","article_modified_time":"2024-06-18T07:02:28+00:00","twitter_card":"summary_large_image","twitter_misc":{"\u041f\u0440\u0438\u043c\u0435\u0440\u043d\u043e\u0435 \u0432\u0440\u0435\u043c\u044f \u0434\u043b\u044f \u0447\u0442\u0435\u043d\u0438\u044f":"1 \u043c\u0438\u043d\u0443\u0442\u0430"},"schema":{"@context":"https:\/\/schema.org","@graph":[{"@type":"Organization","@id":"https:\/\/hepsor.rktv.ee\/#organization","name":"Hepsor","url":"https:\/\/hepsor.rktv.ee\/","sameAs":[],"logo":{"@type":"ImageObject","@id":"https:\/\/hepsor.rktv.ee\/#logo","inLanguage":"ru-RU","url":"https:\/\/hepsor.rktv.ee\/wp-content\/uploads\/2021\/08\/hepsor_logo.svg","contentUrl":"https:\/\/hepsor.rktv.ee\/wp-content\/uploads\/2021\/08\/hepsor_logo.svg","width":98,"height":31,"caption":"Hepsor"},"image":{"@id":"https:\/\/hepsor.rktv.ee\/#logo"}},{"@type":"WebSite","@id":"https:\/\/hepsor.rktv.ee\/#website","url":"https:\/\/hepsor.rktv.ee\/","name":"Hepsor","description":"","publisher":{"@id":"https:\/\/hepsor.rktv.ee\/#organization"},"potentialAction":[{"@type":"SearchAction","target":{"@type":"EntryPoint","urlTemplate":"https:\/\/hepsor.rktv.ee\/?s={search_term_string}"},"query-input":"required name=search_term_string"}],"inLanguage":"ru-RU"},{"@type":"WebPage","@id":"https:\/\/hepsor.rktv.ee\/ru\/%d0%be-%d0%bd%d0%b0%d1%81\/%d0%ba%d0%be%d0%bc%d0%b0%d0%bd%d0%b4%d0%b0\/%d0%bb%d0%b0%d1%82%d0%b2%d0%b8%d1%8f\/#webpage","url":"https:\/\/hepsor.rktv.ee\/ru\/%d0%be-%d0%bd%d0%b0%d1%81\/%d0%ba%d0%be%d0%bc%d0%b0%d0%bd%d0%b4%d0%b0\/%d0%bb%d0%b0%d1%82%d0%b2%d0%b8%d1%8f\/","name":"\u041b\u0430\u0442\u0432\u0438\u044f - Hepsor","isPartOf":{"@id":"https:\/\/hepsor.rktv.ee\/#website"},"datePublished":"2022-02-22T14:55:05+00:00","dateModified":"2024-06-18T07:02:28+00:00","breadcrumb":{"@id":"https:\/\/hepsor.rktv.ee\/ru\/%d0%be-%d0%bd%d0%b0%d1%81\/%d0%ba%d0%be%d0%bc%d0%b0%d0%bd%d0%b4%d0%b0\/%d0%bb%d0%b0%d1%82%d0%b2%d0%b8%d1%8f\/#breadcrumb"},"inLanguage":"ru-RU","potentialAction":[{"@type":"ReadAction","target":["https:\/\/hepsor.rktv.ee\/ru\/%d0%be-%d0%bd%d0%b0%d1%81\/%d0%ba%d0%be%d0%bc%d0%b0%d0%bd%d0%b4%d0%b0\/%d0%bb%d0%b0%d1%82%d0%b2%d0%b8%d1%8f\/"]}]},{"@type":"BreadcrumbList","@id":"https:\/\/hepsor.rktv.ee\/ru\/%d0%be-%d0%bd%d0%b0%d1%81\/%d0%ba%d0%be%d0%bc%d0%b0%d0%bd%d0%b4%d0%b0\/%d0%bb%d0%b0%d1%82%d0%b2%d0%b8%d1%8f\/#breadcrumb","itemListElement":[{"@type":"ListItem","position":1,"name":"\u041e \u043f\u0440\u0435\u0434\u043f\u0440\u0438\u044f\u0442\u0438\u0438","item":"https:\/\/hepsor.rktv.ee\/ru\/%d0%be-%d0%bd%d0%b0%d1%81\/"},{"@type":"ListItem","position":2,"name":"\u041a\u043e\u043c\u0430\u043d\u0434\u0430","item":"https:\/\/hepsor.rktv.ee\/ru\/%d0%be-%d0%bd%d0%b0%d1%81\/%d0%ba%d0%be%d0%bc%d0%b0%d0%bd%d0%b4%d0%b0\/"},{"@type":"ListItem","position":3,"name":"\u041b\u0430\u0442\u0432\u0438\u044f"}]}]}},"_links":{"self":[{"href":"https:\/\/hepsor.rktv.ee\/ru\/wp-json\/wp\/v2\/pages\/4418"}],"collection":[{"href":"https:\/\/hepsor.rktv.ee\/ru\/wp-json\/wp\/v2\/pages"}],"about":[{"href":"https:\/\/hepsor.rktv.ee\/ru\/wp-json\/wp\/v2\/types\/page"}],"author":[{"embeddable":true,"href":"https:\/\/hepsor.rktv.ee\/ru\/wp-json\/wp\/v2\/users\/1"}],"replies":[{"embeddable":true,"href":"https:\/\/hepsor.rktv.ee\/ru\/wp-json\/wp\/v2\/comments?post=4418"}],"version-history":[{"count":62,"href":"https:\/\/hepsor.rktv.ee\/ru\/wp-json\/wp\/v2\/pages\/4418\/revisions"}],"predecessor-version":[{"id":9202,"href":"https:\/\/hepsor.rktv.ee\/ru\/wp-json\/wp\/v2\/pages\/4418\/revisions\/9202"}],"up":[{"embeddable":true,"href":"https:\/\/hepsor.rktv.ee\/ru\/wp-json\/wp\/v2\/pages\/1284"}],"wp:attachment":[{"href":"https:\/\/hepsor.rktv.ee\/ru\/wp-json\/wp\/v2\/media?parent=4418"}],"curies":[{"name":"wp","href":"https:\/\/api.w.org\/{rel}","templated":true}]}}